{"id":10,"date":"2023-08-29T12:57:14","date_gmt":"2023-08-29T10:57:14","guid":{"rendered":"http:\/\/getef.uva.es\/?page_id=10"},"modified":"2025-07-31T11:31:11","modified_gmt":"2025-07-31T09:31:11","slug":"inicio","status":"publish","type":"page","link":"https:\/\/getef.uva.es\/en\/","title":{"rendered":""},"content":{"rendered":"<div class=\"wp-block-columns alignwide is-layout-flex wp-container-core-columns-is-layout-28f84493 wp-block-columns-is-layout-flex\">\n<div class=\"wp-block-column is-layout-flow wp-block-column-is-layout-flow\">\n<p><strong>GETEF<\/strong> &#8211; <em>Grupo Especializado en Termodin\u00e1mica de los Equilibrios Entre Fases<\/em> is a Recognized Research Group of the <a href=\"https:\/\/www.uva.es\">Universidad de Valladolid (UVa)<\/a> created in 1994 and whose hallmarks are as follows:<\/p>\n\n\n\n<p>We are a group of specialists in the thermodynamic research of equilibria between fluid and condensed phases, who have worked mainly in the study of binary and multicomponent mixtures and alloys, within a General Line of Work that could be summarized as \u201cThermodynamic Study of the Equilibria between Phases that appear in Mixtures of Gases, Liquids and Solids\u201d, and that is specified in several <a href=\"https:\/\/getef.uva.es\/en\/lineas-de-investigacion\/\" data-type=\"page\" data-id=\"33\">Research Lines<\/a>.<\/p>\n\n\n\n<p>Our field of work is multidisciplinary and covers a multitude of different facets. From the experimental point of view, we have worldwide recognized experience in the use of a large number of different experimental techniques: high and low temperature thermometry, calibration against absolute reference standards, pressure measurement and vacuum generation, static and dynamic calorimetry of all kinds, and determination of volumetric properties of substances. In short, experimental techniques for the determination of thermophysical properties of all types of materials.<\/p>\n\n\n\n<p>From the theoretical point of view, we have knowledge of Thermodynamics and Molecular Physics -we are professors of Thermodynamics and Statistical Physics at UVa-, which allows us to elaborate microscopic models of the behavior of all kinds of complex systems. In short, we are experts in Thermodynamics and Statistical Physics of pure substances, mixtures and alloys, as well as in Maximum Entropy Methods (MaxEnt) used in the study of complex systems.<\/p>\n<\/div>\n<\/div>","protected":false},"excerpt":{"rendered":"<p>GETEF &#8211; Grupo Especializado en Termodin\u00e1mica de los Equilibrios Entre Fases es un Grupo de Investigaci\u00f3n Reconocido de la Universidad de Valladolid (UVa) creado en 1994 y cuyas se\u00f1as de identidad son las siguientes: Somos un grupo de especialistas en la investigaci\u00f3n termodin\u00e1mica de los equilibrios entre fases fluidas y condensadas, que hemos trabajado principalmente [&hellip;]<\/p>\n","protected":false},"author":1,"featured_media":0,"parent":0,"menu_order":0,"comment_status":"closed","ping_status":"closed","template":"","meta":{"footnotes":""},"class_list":["post-10","page","type-page","status-publish","hentry"],"featured_image_src":null,"_links":{"self":[{"href":"https:\/\/getef.uva.es\/en\/wp-json\/wp\/v2\/pages\/10","targetHints":{"allow":["GET"]}}],"collection":[{"href":"https:\/\/getef.uva.es\/en\/wp-json\/wp\/v2\/pages"}],"about":[{"href":"https:\/\/getef.uva.es\/en\/wp-json\/wp\/v2\/types\/page"}],"author":[{"embeddable":true,"href":"https:\/\/getef.uva.es\/en\/wp-json\/wp\/v2\/users\/1"}],"replies":[{"embeddable":true,"href":"https:\/\/getef.uva.es\/en\/wp-json\/wp\/v2\/comments?post=10"}],"version-history":[{"count":23,"href":"https:\/\/getef.uva.es\/en\/wp-json\/wp\/v2\/pages\/10\/revisions"}],"predecessor-version":[{"id":479,"href":"https:\/\/getef.uva.es\/en\/wp-json\/wp\/v2\/pages\/10\/revisions\/479"}],"wp:attachment":[{"href":"https:\/\/getef.uva.es\/en\/wp-json\/wp\/v2\/media?parent=10"}],"curies":[{"name":"wp","href":"https:\/\/api.w.org\/{rel}","templated":true}]}}