{"id":12,"date":"2023-08-29T12:56:49","date_gmt":"2023-08-29T10:56:49","guid":{"rendered":"http:\/\/getef.uva.es\/?page_id=12"},"modified":"2023-09-14T11:56:38","modified_gmt":"2023-09-14T09:56:38","slug":"proyectos","status":"publish","type":"page","link":"https:\/\/getef.uva.es\/en\/proyectos\/","title":{"rendered":"Projects"},"content":{"rendered":"<div class=\"wp-block-columns alignwide is-layout-flex wp-container-core-columns-is-layout-28f84493 wp-block-columns-is-layout-flex\">\n<div class=\"wp-block-column is-layout-flow wp-block-column-is-layout-flow\">\n<ul class=\"wp-block-list\">\n<li class=\"translation-block\"><a href=\"https:\/\/getef.uva.es\/en\/biocooling\/\" data-type=\"page\" data-id=\"206\" target=\"_self\"><strong>BIOCOOLING<\/strong> \u2013 <em>Bio-based solvents for the technological development of novel wet compression\/absorption CO<sub>2<\/sub> refrigeration systems<\/em> \u2013 PID2022-137104NA-I00 funded by MCIN\/AEI\/10.13039\/501100011033\/FEDER, UE<\/a><\/li>\n<\/ul>\n<\/div>\n<\/div>\n\n\n\n<div class=\"wp-block-columns alignwide is-layout-flex wp-container-core-columns-is-layout-28f84493 wp-block-columns-is-layout-flex\">\n<div class=\"wp-block-column is-layout-flow wp-block-column-is-layout-flow\">\n<ul class=\"wp-block-list\">\n<li class=\"translation-block\"><a href=\"https:\/\/www2.ubu.es\/h2metamo\/en\" target=\"_self\"><strong>H2METAMO<\/strong> \u2013 Green hydrogen program \u00ab<em>Technologies, materials and processes for small-scale production of renewable hydrogen vectors (methane and ammonia) for a distributed exploitation<\/em>\u00bb in Castilla y Le\u00f3n<\/a><\/li>\n<\/ul>\n<\/div>\n<\/div>\n\n\n\n<hr class=\"wp-block-separator alignwide has-alpha-channel-opacity is-style-wide\"\/>\n\n\n\n<p class=\"has-text-align-center\"><strong><em>Completed projects<\/em><\/strong><\/p>\n\n\n\n<div class=\"wp-block-columns alignwide is-layout-flex wp-container-core-columns-is-layout-28f84493 wp-block-columns-is-layout-flex\">\n<div class=\"wp-block-column is-layout-flow wp-block-column-is-layout-flow\">\n<ul class=\"wp-block-list\">\n<li><em>Investigaci\u00f3n termo-mec\u00e1nico estad\u00edstica de sistemas que contienen unidades estructurales b\u00e1sicas para la modelizaci\u00f3n en la s\u00edntesis de prote\u00ednas<\/em>. VA100G19. Junta de Castilla y Le\u00f3n &#8211; Consejer\u00eda de Educaci\u00f3n. 10\/07\/2019 &#8211; 30\/09\/2021<\/li>\n\n\n\n<li><em>Investigaci\u00f3n sobre la validez de la hip\u00f3tesis de mezcla al azar en los sistemas alcohol + polieter, + cetona, o + amida<\/em>. FIS2010-16957. MICINN. Ministerio de Ciencia e Innovaci\u00f3n. 01\/01\/2011 &#8211; 31\/12\/2013<\/li>\n\n\n\n<li><em>Estudio termodin\u00e1mico, \u00f3ptico y diel\u00e9ctrico de mezclas l\u00edquidas que contienen los grupos, amida, amino y carbonilo. determinaci\u00f3n de los factores de correlaci\u00f3n y aplicaci\u00f3n del formalismo de Kirkwood-Buff<\/em>. Enlace pept\u00eddico. VA052A09. Junta de Castilla y Le\u00f3n &#8211; Consejer\u00eda de Educaci\u00f3n. 05\/05\/2009 &#8211; 31\/12\/2011<\/li>\n\n\n\n<li><em>An\u00e1lisis interaccional y estructural de mezclas l\u00edquidas formados por aminas c\u00edclicas o arom\u00e1ticas mediante la determinaci\u00f3n sistem\u00e1tica de sus propiedades t\u00e9rmicas, volum\u00e9tricas, ac\u00fasticas y \u00f3pticas. VA075A07. Junta de Castilla y Le\u00f3n &#8211; Consejer<\/em>\u00eda de Educaci\u00f3n. 29\/06\/2007 &#8211; 31\/12\/2009<\/li>\n\n\n\n<li><em>Determinaci\u00f3n experimental de propiedades termodin\u00e1micas, diel\u00e9ctricas y \u00f3pticas de mezclas liquidas con un componente polifuncional. An\u00e1lisis estructural e internacional: efectos de proximidad<\/em>. FIS2007-61833. MEC &#8211; Ministerio de Educaci\u00f3n y Ciencia. 01\/10\/2007 &#8211; 30\/09\/2010<\/li>\n\n\n\n<li><em>Determinaci\u00f3n experimental de propiedades termodin\u00e1micas de sistemas formados por amidas y disolventes org\u00e1nicos. an\u00e1lisis de la estructura de las mezclas mediante las integrales de Kirkwood-Buff<\/em>. VA080A06. Junta de Castilla y Le\u00f3n &#8211; Consejer\u00eda de Educaci\u00f3n. 18\/07\/2006-31\/12\/2008<\/li>\n\n\n\n<li><em>Estudio de propiedades termodin\u00e1micas de sistemas formados por amidas, aminas y disolventes org\u00e1nicos. Aplicaciones industriales y biotecnol\u00f3gicas<\/em>. VA080\/04. Junta de Castilla y Le\u00f3n &#8211; Consejer\u00eda de Educaci\u00f3n. 13\/02\/2004 &#8211; 31\/12\/2006<\/li>\n\n\n\n<li><em>Determinaci\u00f3n experimental de propiedades termodin\u00e1micas de exceso de sistemas formados por alcoholes y aminas. Aplicaciones industriales<\/em>. VA039\/01. Junta de Castilla y Le\u00f3n &#8211; Consejer\u00eda de Educaci\u00f3n. 06\/02\/2001 &#8211; 31\/12\/2003<\/li>\n\n\n\n<li><em>Estudio experimental y predicci\u00f3n de propiedades calorim\u00e9tricas, de transporte y de los equilibrios entre fases en sustancias de inter\u00e9s industrial y medioambiental. Mezclas de polietilenglicoles con disolventes org\u00e1nicos<\/em>. PPQ2001-1664. MICINN &#8211; Ministerio de Ciencia e Innovaci\u00f3n. 28\/12\/2001 &#8211; 27\/12\/2004<\/li>\n\n\n\n<li><em>Elaboraci\u00f3n de materiales did\u00e1cticos multimedia para la asignatura T\u00e9cnicas Experimentales en F\u00edsica III<\/em>. VA12\/00. Junta de Castilla y Le\u00f3n &#8211; Consejer\u00eda de Educaci\u00f3n. 22\/05\/2000 &#8211; 20\/11\/2001<\/li>\n\n\n\n<li><em>Experiencia de aprendizaje autoprogramado aplicada a las T\u00e9cnicas Experimentales de Mec\u00e1nica (2\u00ba curso de F\u00edsica) apoyada por una gu\u00eda tutorial inform\u00e1tica<\/em>. VA23\/98. Junta de Castilla y Le\u00f3n &#8211; Consejer\u00eda de Educaci\u00f3n. 20\/04\/1998 &#8211; 20\/11\/1999<\/li>\n\n\n\n<li><em>Estudio de mezclas que contienen hidroxi\u00e9teres con vista a la posible modelizaci\u00f3n de nuevas gasolinas de dise\u00f1o que reduzcan la contaminaci\u00f3n<\/em>. VA54\/98. Junta de Castilla y Le\u00f3n &#8211; Consejer\u00eda de Educaci\u00f3n. 30\/01\/1998 &#8211; 29\/01\/2001<\/li>\n\n\n\n<li><em>Estudio del comportamiento termodin\u00e1mico de posibles compuestos oxigenados utilizables como antidenotanantes en las gasolinas sin plomo<\/em>. PB97-0488. MEC- Ministerio de Educaci\u00f3n y Ciencia. 01\/10\/1998-01\/10\/2001<\/li>\n\n\n\n<li><em>T\u00e9cnica microcalorim\u00e9trica precisa para la determinaci\u00f3n de calores espec\u00edficos a presi\u00f3n constante de fluidos a alta presi\u00f3n y temperatura: aplicaciones<\/em>. PB93-0017. Direcci\u00f3n General de Investigaci\u00f3n Cient\u00edfica y T\u00e9cnica (DGICyT). 27\/07\/1994 &#8211; 27\/07\/1997<\/li>\n\n\n\n<li><em>Estudio de propiedades termof\u00edsicas de posibles sustitutos de los CFC<\/em>. VA11\/93. Junta de Castilla y Le\u00f3n &#8211; Consejeria de Cultura y Turismo. 29\/12\/1993 &#8211; 28\/12\/1996<\/li>\n\n\n\n<li><em>Estudio termodin\u00e1mico de las unidades estructurales b\u00e1sicas de pol\u00edmeros (olig\u00f3meros) en disoluci\u00f3n<\/em>. PB88-0332. Direcci\u00f3n General de Investigaci\u00f3n Cient\u00edfica y T\u00e9cnica (DGICyT). 30\/11\/1989 &#8211; 29\/11\/1991<\/li>\n<\/ul>\n<\/div>\n<\/div>","protected":false},"excerpt":{"rendered":"<p>Completed projects<\/p>","protected":false},"author":1,"featured_media":0,"parent":0,"menu_order":0,"comment_status":"closed","ping_status":"closed","template":"","meta":{"footnotes":""},"class_list":["post-12","page","type-page","status-publish","hentry"],"featured_image_src":null,"_links":{"self":[{"href":"https:\/\/getef.uva.es\/en\/wp-json\/wp\/v2\/pages\/12","targetHints":{"allow":["GET"]}}],"collection":[{"href":"https:\/\/getef.uva.es\/en\/wp-json\/wp\/v2\/pages"}],"about":[{"href":"https:\/\/getef.uva.es\/en\/wp-json\/wp\/v2\/types\/page"}],"author":[{"embeddable":true,"href":"https:\/\/getef.uva.es\/en\/wp-json\/wp\/v2\/users\/1"}],"replies":[{"embeddable":true,"href":"https:\/\/getef.uva.es\/en\/wp-json\/wp\/v2\/comments?post=12"}],"version-history":[{"count":12,"href":"https:\/\/getef.uva.es\/en\/wp-json\/wp\/v2\/pages\/12\/revisions"}],"predecessor-version":[{"id":209,"href":"https:\/\/getef.uva.es\/en\/wp-json\/wp\/v2\/pages\/12\/revisions\/209"}],"wp:attachment":[{"href":"https:\/\/getef.uva.es\/en\/wp-json\/wp\/v2\/media?parent=12"}],"curies":[{"name":"wp","href":"https:\/\/api.w.org\/{rel}","templated":true}]}}