{"id":206,"date":"2023-09-14T11:54:59","date_gmt":"2023-09-14T09:54:59","guid":{"rendered":"https:\/\/getef.uva.es\/?page_id=206"},"modified":"2025-12-08T14:52:39","modified_gmt":"2025-12-08T13:52:39","slug":"biocooling","status":"publish","type":"page","link":"https:\/\/getef.uva.es\/en\/biocooling\/","title":{"rendered":"BIOCOOLING"},"content":{"rendered":"<div class=\"wp-block-columns alignwide is-layout-flex wp-container-core-columns-is-layout-28f84493 wp-block-columns-is-layout-flex\">\n<div class=\"wp-block-column is-layout-flow wp-block-column-is-layout-flow\"><div class=\"wp-block-ub-content-toggle wp-block-ub-content-toggle-block\" id=\"ub-content-toggle-block-ca00e0ea-3c07-44a4-88ef-421466707473\" data-mobilecollapse=\"false\" data-desktopcollapse=\"false\" data-preventcollapse=\"false\" data-showonlyone=\"true\">\n<div class=\"wp-block-ub-content-toggle-accordion\" style=\"border-color: #f1f1f1; \" id=\"ub-content-toggle-panel-block-753fe651-d27f-4ad1-a564-d4ed1df498a9\">\n\t\t\t<div class=\"wp-block-ub-content-toggle-accordion-title-wrap\" style=\"background-color: #f1f1f1;\" aria-controls=\"ub-content-toggle-panel-0-ca00e0ea-3c07-44a4-88ef-421466707473\" tabindex=\"0\">\n\t\t\t<h6 class=\"wp-block-ub-content-toggle-accordion-title ub-content-toggle-title-ca00e0ea-3c07-44a4-88ef-421466707473\" style=\"color: #000000; \">THE PROYECT<\/h6>\n\t\t\t<div class=\"wp-block-ub-content-toggle-accordion-toggle-wrap right\" style=\"color: #000000;\"><span class=\"wp-block-ub-content-toggle-accordion-state-indicator wp-block-ub-chevron-down open\"><\/span><\/div>\n\t\t<\/div>\n\t\t\t<div role=\"region\" aria-expanded=\"true\" class=\"wp-block-ub-content-toggle-accordion-content-wrap\" id=\"ub-content-toggle-panel-0-ca00e0ea-3c07-44a4-88ef-421466707473\">\n\n<p class=\"has-text-align-left\">The vision of BIOCOOLING,<em> Bio-based solvents for the technological development of novel wet compression\/absorption CO<sub>2<\/sub><\/em> refrigeration systems, is the integration of mixtures of CO<sub>2<\/sub> with biomass-based solvents (BBS) as working fluids for wet compression\/absorption refrigeration (WCA) machines with advanced measurements and novel modeling.<\/p>\n\n\n\n<p class=\"has-text-align-left\">Recent reports from the International Institute of Refrigeration (IIR) estimate that 8% of global greenhouse gas (GHG) emissions are attributed to refrigeration, air conditioning and heat pumps. Of these, 60% are indirect emissions associated with the manufacture of the more than 3 billion refrigeration units operating worldwide and the production of electricity to operate them (17% of global electricity consumption), and 40% are direct emissions from the refrigerant itself that is unintentionally released during maintenance, decommissioning or through leaks. Our vision is needed to meet the challenges posed by alternative, clean refrigeration fluids and systems that address climate change and tackle global warming. To this end, this project embarks on the development of a new series of very low-polluting refrigerants for energy-efficient refrigeration cycles.<\/p>\n\n\n\n<p class=\"has-text-align-left translation-block\">The starting hypothesis of BIOCOOLING is that a thorough thermodynamic characterization and modeling of CO<sub>2<\/sub> mixtures with different BBS will lead to the development of safer, greener and more efficient refrigeration systems. The overall objectives are:<\/p>\n\n\n\n<ul class=\"wp-block-list\">\n<li class=\"translation-block\">The characterization of promising natural refrigerants composed of CO<sub>2<\/sub> and different BBS by means of experimental data and thermodynamic models, for: (i) the direct use of the developed models in the design and validation of WCA cycles; and (ii) the fundamental understanding of the interactions and structure of the mixtures at the molecular level and their relationship with their thermodynamic properties, which will potentially facilitate the search for new promising BBS for this or other applications.<\/li>\n\n\n\n<li>Investigation of the behavior and efficiency of the proposed refrigerants in WCA systems by evaluating the efficiency of reference models of these cycles and performing numerical simulations of their operation.<\/li>\n<\/ul>\n\n<\/div>\n\t\t<\/div>\n\n<div class=\"wp-block-ub-content-toggle-accordion\" style=\"border-color: #f1f1f1; \" id=\"ub-content-toggle-panel-block-c85c84b1-b3a9-4ddb-a2ed-5d2aa74ce62b\">\n\t\t\t<div class=\"wp-block-ub-content-toggle-accordion-title-wrap\" style=\"background-color: #f1f1f1;\" aria-controls=\"ub-content-toggle-panel-1-ca00e0ea-3c07-44a4-88ef-421466707473\" tabindex=\"0\">\n\t\t\t<h6 class=\"wp-block-ub-content-toggle-accordion-title ub-content-toggle-title-ca00e0ea-3c07-44a4-88ef-421466707473\" style=\"color: #000000; \">Entities involved<\/h6>\n\t\t\t<div class=\"wp-block-ub-content-toggle-accordion-toggle-wrap right\" style=\"color: #000000;\"><span class=\"wp-block-ub-content-toggle-accordion-state-indicator wp-block-ub-chevron-down\"><\/span><\/div>\n\t\t<\/div>\n\t\t\t<div role=\"region\" aria-expanded=\"false\" class=\"wp-block-ub-content-toggle-accordion-content-wrap ub-hide\" id=\"ub-content-toggle-panel-1-ca00e0ea-3c07-44a4-88ef-421466707473\">\n\n<div class=\"wp-block-columns is-layout-flex wp-container-core-columns-is-layout-28f84493 wp-block-columns-is-layout-flex\">\n<div class=\"wp-block-column is-layout-flow wp-block-column-is-layout-flow\">\n<figure class=\"wp-block-image aligncenter size-full is-resized\"><img loading=\"lazy\" decoding=\"async\" width=\"471\" height=\"279\" src=\"https:\/\/getef.uva.es\/wp-content\/uploads\/2023\/09\/UVa-Logo.jpg\" alt=\"\" class=\"wp-image-228\" style=\"object-fit:contain;width:300px;height:200px\" srcset=\"https:\/\/getef.uva.es\/wp-content\/uploads\/2023\/09\/UVa-Logo.jpg 471w, https:\/\/getef.uva.es\/wp-content\/uploads\/2023\/09\/UVa-Logo-300x178.jpg 300w\" sizes=\"auto, (max-width: 471px) 100vw, 471px\" \/><\/figure>\n<\/div>\n\n\n\n<div class=\"wp-block-column is-layout-flow wp-block-column-is-layout-flow\">\n<figure class=\"wp-block-image aligncenter size-large is-resized\"><img loading=\"lazy\" decoding=\"async\" width=\"1024\" height=\"992\" src=\"https:\/\/getef.uva.es\/wp-content\/uploads\/2023\/09\/UCA-Logo-1024x992.jpg\" alt=\"\" class=\"wp-image-227\" style=\"aspect-ratio:1.188118811881188;object-fit:contain;width:100px\" srcset=\"https:\/\/getef.uva.es\/wp-content\/uploads\/2023\/09\/UCA-Logo-1024x992.jpg 1024w, https:\/\/getef.uva.es\/wp-content\/uploads\/2023\/09\/UCA-Logo-300x291.jpg 300w, https:\/\/getef.uva.es\/wp-content\/uploads\/2023\/09\/UCA-Logo-768x744.jpg 768w, https:\/\/getef.uva.es\/wp-content\/uploads\/2023\/09\/UCA-Logo.jpg 1146w\" sizes=\"auto, (max-width: 1024px) 100vw, 1024px\" \/><\/figure>\n\n\n\n<figure class=\"wp-block-image aligncenter size-full is-resized\"><img loading=\"lazy\" decoding=\"async\" width=\"235\" height=\"142\" src=\"https:\/\/getef.uva.es\/wp-content\/uploads\/2023\/09\/ICCF-Logo.png\" alt=\"\" class=\"wp-image-240\" style=\"aspect-ratio:1.4285714285714286;width:120px\"><\/figure>\n<\/div>\n\n\n\n<div class=\"wp-block-column is-layout-flow wp-block-column-is-layout-flow\">\n<figure class=\"wp-block-image aligncenter size-large is-resized\"><img loading=\"lazy\" decoding=\"async\" width=\"1024\" height=\"576\" src=\"https:\/\/getef.uva.es\/wp-content\/uploads\/2023\/09\/Renault-Logo-1024x576.png\" alt=\"\" class=\"wp-image-226\" style=\"width:300px\" srcset=\"https:\/\/getef.uva.es\/wp-content\/uploads\/2023\/09\/Renault-Logo-1024x576.png 1024w, https:\/\/getef.uva.es\/wp-content\/uploads\/2023\/09\/Renault-Logo-300x169.png 300w, https:\/\/getef.uva.es\/wp-content\/uploads\/2023\/09\/Renault-Logo-768x432.png 768w, https:\/\/getef.uva.es\/wp-content\/uploads\/2023\/09\/Renault-Logo-1536x864.png 1536w, https:\/\/getef.uva.es\/wp-content\/uploads\/2023\/09\/Renault-Logo.png 2000w\" sizes=\"auto, (max-width: 1024px) 100vw, 1024px\" \/><\/figure>\n<\/div>\n<\/div>\n\n<\/div>\n\t\t<\/div>\n\n<div class=\"wp-block-ub-content-toggle-accordion\" style=\"border-color: #f1f1f1; \" id=\"ub-content-toggle-panel-block-d959062b-0183-4c46-83f1-f0e078ecba85\">\n\t\t\t<div class=\"wp-block-ub-content-toggle-accordion-title-wrap\" style=\"background-color: #f1f1f1;\" aria-controls=\"ub-content-toggle-panel-2-ca00e0ea-3c07-44a4-88ef-421466707473\" tabindex=\"0\">\n\t\t\t<h6 class=\"wp-block-ub-content-toggle-accordion-title ub-content-toggle-title-ca00e0ea-3c07-44a4-88ef-421466707473\" style=\"color: #000000; \">Funding entities<\/h6>\n\t\t\t<div class=\"wp-block-ub-content-toggle-accordion-toggle-wrap right\" style=\"color: #000000;\"><span class=\"wp-block-ub-content-toggle-accordion-state-indicator wp-block-ub-chevron-down\"><\/span><\/div>\n\t\t<\/div>\n\t\t\t<div role=\"region\" aria-expanded=\"false\" class=\"wp-block-ub-content-toggle-accordion-content-wrap ub-hide\" id=\"ub-content-toggle-panel-2-ca00e0ea-3c07-44a4-88ef-421466707473\">\n\n<div class=\"wp-block-columns is-layout-flex wp-container-core-columns-is-layout-28f84493 wp-block-columns-is-layout-flex\">\n<div class=\"wp-block-column is-layout-flow wp-block-column-is-layout-flow\">\n<div class=\"wp-block-columns is-layout-flex wp-container-core-columns-is-layout-28f84493 wp-block-columns-is-layout-flex\">\n<div class=\"wp-block-column is-vertically-aligned-center is-layout-flow wp-block-column-is-layout-flow\">\n<figure class=\"wp-block-image aligncenter size-large is-resized\"><img loading=\"lazy\" decoding=\"async\" width=\"1024\" height=\"307\" src=\"https:\/\/getef.uva.es\/wp-content\/uploads\/2023\/12\/MICIN-UE-FEDER-AEI-Logos-1024x307.png\" alt=\"\" class=\"wp-image-364\" style=\"width:600px\" srcset=\"https:\/\/getef.uva.es\/wp-content\/uploads\/2023\/12\/MICIN-UE-FEDER-AEI-Logos-1024x307.png 1024w, https:\/\/getef.uva.es\/wp-content\/uploads\/2023\/12\/MICIN-UE-FEDER-AEI-Logos-300x90.png 300w, https:\/\/getef.uva.es\/wp-content\/uploads\/2023\/12\/MICIN-UE-FEDER-AEI-Logos-768x230.png 768w, https:\/\/getef.uva.es\/wp-content\/uploads\/2023\/12\/MICIN-UE-FEDER-AEI-Logos-1536x460.png 1536w, https:\/\/getef.uva.es\/wp-content\/uploads\/2023\/12\/MICIN-UE-FEDER-AEI-Logos-2048x613.png 2048w\" sizes=\"auto, (max-width: 1024px) 100vw, 1024px\" \/><\/figure>\n<\/div>\n<\/div>\n<\/div>\n<\/div>\n\n<\/div>\n\t\t<\/div>\n\n<div class=\"wp-block-ub-content-toggle-accordion\" style=\"border-color: #f1f1f1; \" id=\"ub-content-toggle-panel-block-\">\n\t\t\t<div class=\"wp-block-ub-content-toggle-accordion-title-wrap\" style=\"background-color: #f1f1f1;\" aria-controls=\"ub-content-toggle-panel-3-ca00e0ea-3c07-44a4-88ef-421466707473\" tabindex=\"0\">\n\t\t\t<h6 class=\"wp-block-ub-content-toggle-accordion-title ub-content-toggle-title-ca00e0ea-3c07-44a4-88ef-421466707473\" style=\"color: #000000; \">Data Management Plan<\/h6>\n\t\t\t<div class=\"wp-block-ub-content-toggle-accordion-toggle-wrap right\" style=\"color: #000000;\"><span class=\"wp-block-ub-content-toggle-accordion-state-indicator wp-block-ub-chevron-down\"><\/span><\/div>\n\t\t<\/div>\n\t\t\t<div role=\"region\" aria-expanded=\"false\" class=\"wp-block-ub-content-toggle-accordion-content-wrap ub-hide\" id=\"ub-content-toggle-panel-3-ca00e0ea-3c07-44a4-88ef-421466707473\">\n\n<div class=\"wp-block-group is-nowrap is-layout-flex wp-container-core-group-is-layout-6c531013 wp-block-group-is-layout-flex\">\n<div class=\"wp-block-file\"><a id=\"wp-block-file--media-dc666463-ff23-46dd-9345-632eade82783\" href=\"https:\/\/getef.uva.es\/wp-content\/uploads\/2025\/11\/BIOCOOLING-DMP.pdf\" target=\"_blank\" rel=\"noreferrer noopener\">BIOCOOLING &#8211; Plan de Gesti\u00f3n de Datos<\/a><a href=\"https:\/\/getef.uva.es\/wp-content\/uploads\/2025\/11\/BIOCOOLING-DMP.pdf\" class=\"wp-block-file__button wp-element-button\" download aria-describedby=\"wp-block-file--media-dc666463-ff23-46dd-9345-632eade82783\">Download<\/a><\/div>\n<\/div>\n\n<\/div>\n\t\t<\/div>\n\n<div class=\"wp-block-ub-content-toggle-accordion\" style=\"border-color: #f1f1f1; \" id=\"ub-content-toggle-panel-block-\">\n\t\t\t<div class=\"wp-block-ub-content-toggle-accordion-title-wrap\" style=\"background-color: #f1f1f1;\" aria-controls=\"ub-content-toggle-panel-4-ca00e0ea-3c07-44a4-88ef-421466707473\" tabindex=\"0\">\n\t\t\t<h6 class=\"wp-block-ub-content-toggle-accordion-title ub-content-toggle-title-ca00e0ea-3c07-44a4-88ef-421466707473\" style=\"color: #000000; \">risks evaluation and register plan<\/h6>\n\t\t\t<div class=\"wp-block-ub-content-toggle-accordion-toggle-wrap right\" style=\"color: #000000;\"><span class=\"wp-block-ub-content-toggle-accordion-state-indicator wp-block-ub-chevron-down\"><\/span><\/div>\n\t\t<\/div>\n\t\t\t<div role=\"region\" aria-expanded=\"false\" class=\"wp-block-ub-content-toggle-accordion-content-wrap ub-hide\" id=\"ub-content-toggle-panel-4-ca00e0ea-3c07-44a4-88ef-421466707473\">\n\n<div class=\"wp-block-file\"><a id=\"wp-block-file--media-045e7bf6-d099-4b2f-b602-9b93752a2741\" href=\"https:\/\/getef.uva.es\/wp-content\/uploads\/2025\/11\/BIOCOOLING-Plan-de-Evaluacion-y-Registro-de-Riesgos.pdf\">BIOCOOLING - Risks evaluation and register plan<\/a><a href=\"https:\/\/getef.uva.es\/wp-content\/uploads\/2025\/11\/BIOCOOLING-Plan-de-Evaluacion-y-Registro-de-Riesgos.pdf\" class=\"wp-block-file__button wp-element-button\" download aria-describedby=\"wp-block-file--media-045e7bf6-d099-4b2f-b602-9b93752a2741\">Download<\/a><\/div>\n\n<\/div>\n\t\t<\/div>\n\n<div class=\"wp-block-ub-content-toggle-accordion\" style=\"border-color: #f1f1f1; \" id=\"ub-content-toggle-panel-block-17f915ea-edfe-4052-9ba2-c890b0cf967d\">\n\t\t\t<div class=\"wp-block-ub-content-toggle-accordion-title-wrap\" style=\"background-color: #f1f1f1;\" aria-controls=\"ub-content-toggle-panel-5-ca00e0ea-3c07-44a4-88ef-421466707473\" tabindex=\"0\">\n\t\t\t<h6 class=\"wp-block-ub-content-toggle-accordion-title ub-content-toggle-title-ca00e0ea-3c07-44a4-88ef-421466707473\" style=\"color: #000000; \">NEWS<\/h6>\n\t\t\t<div class=\"wp-block-ub-content-toggle-accordion-toggle-wrap right\" style=\"color: #000000;\"><span class=\"wp-block-ub-content-toggle-accordion-state-indicator wp-block-ub-chevron-down\"><\/span><\/div>\n\t\t<\/div>\n\t\t\t<div role=\"region\" aria-expanded=\"false\" class=\"wp-block-ub-content-toggle-accordion-content-wrap ub-hide\" id=\"ub-content-toggle-panel-5-ca00e0ea-3c07-44a4-88ef-421466707473\">\n\n<ul class=\"wp-block-list\">\n<li><a href=\"https:\/\/www.linkedin.com\/posts\/getef_biocooling-feder-issr-ugcPost-7213846527721574400-Tevy\">Presentaci\u00f3n de BIOCOOLING en el International Seminar on Sustainable Refrigeration &#8211; ISSR 2024<\/a><\/li>\n\n\n\n<li><a href=\"https:\/\/www.linkedin.com\/feed\/update\/urn:li:activity:7259654357464363009\">Visit of Prof. Yohann Coulier to GETEF as part of the BIOCOOLING project<\/a><\/li>\n\n\n\n<li><a href=\"https:\/\/www.linkedin.com\/feed\/update\/urn:li:activity:7333066190807822338\">Interview in El Norte de Castilla on BIOCOOLING<\/a><\/li>\n\n\n\n<li><a href=\"https:\/\/www.linkedin.com\/feed\/update\/urn:li:ugcPost:7397956773589979136\">Presentaci\u00f3n de BIOCOOLING en la Jornada de Innovaci\u00f3n Renault Group<\/a><\/li>\n\n\n\n<li><a href=\"https:\/\/www.linkedin.com\/feed\/update\/urn:li:activity:7403131583794163712\">Presentaci\u00f3n de BIOCOOLING en el evento Naukas Valladolid 2025<\/a><\/li>\n\n\n\n<li><a href=\"https:\/\/www.linkedin.com\/feed\/update\/urn:li:activity:7403778937102721024\" data-type=\"link\" data-id=\"https:\/\/www.linkedin.com\/feed\/update\/urn:li:activity:7403778937102721024\">Presentaci\u00f3n de BIOCOOLING para los estudiantes del Bachillerato de Investigaci\u00f3n\/Excelencia<\/a><\/li>\n\n\n\n<li><a href=\"https:\/\/www.linkedin.com\/feed\/update\/urn:li:activity:7403123703175319552\">BIOCOOLING es seleccionado como finalista de los III Premios de Automoci\u00f3n y Movilidad de FACYL &#8211; Cl\u00faster de Automoci\u00f3n y Movilidad de Castilla y Le\u00f3n<\/a><\/li>\n\n\n\n<li><a href=\"https:\/\/www.linkedin.com\/feed\/update\/urn:li:activity:7402382644740603905\">Entrevista en el Diario de Castilla y Le\u00f3n sobre BIOCOOLING<\/a><\/li>\n<\/ul>\n\n<\/div>\n\t\t<\/div>\n<\/div><\/div>\n<\/div>\n\n\n\n<p><\/p>","protected":false},"excerpt":{"rendered":"","protected":false},"author":1,"featured_media":0,"parent":0,"menu_order":0,"comment_status":"closed","ping_status":"closed","template":"","meta":{"footnotes":""},"class_list":["post-206","page","type-page","status-publish","hentry"],"featured_image_src":null,"_links":{"self":[{"href":"https:\/\/getef.uva.es\/en\/wp-json\/wp\/v2\/pages\/206","targetHints":{"allow":["GET"]}}],"collection":[{"href":"https:\/\/getef.uva.es\/en\/wp-json\/wp\/v2\/pages"}],"about":[{"href":"https:\/\/getef.uva.es\/en\/wp-json\/wp\/v2\/types\/page"}],"author":[{"embeddable":true,"href":"https:\/\/getef.uva.es\/en\/wp-json\/wp\/v2\/users\/1"}],"replies":[{"embeddable":true,"href":"https:\/\/getef.uva.es\/en\/wp-json\/wp\/v2\/comments?post=206"}],"version-history":[{"count":67,"href":"https:\/\/getef.uva.es\/en\/wp-json\/wp\/v2\/pages\/206\/revisions"}],"predecessor-version":[{"id":525,"href":"https:\/\/getef.uva.es\/en\/wp-json\/wp\/v2\/pages\/206\/revisions\/525"}],"wp:attachment":[{"href":"https:\/\/getef.uva.es\/en\/wp-json\/wp\/v2\/media?parent=206"}],"curies":[{"name":"wp","href":"https:\/\/api.w.org\/{rel}","templated":true}]}}