{"id":266,"date":"2023-09-16T19:56:18","date_gmt":"2023-09-16T17:56:18","guid":{"rendered":"https:\/\/getef.uva.es\/?page_id=266"},"modified":"2025-11-23T11:03:26","modified_gmt":"2025-11-23T10:03:26","slug":"tesis-doctorales","status":"publish","type":"page","link":"https:\/\/getef.uva.es\/en\/tesis-doctorales\/","title":{"rendered":"PhD Thesis"},"content":{"rendered":"<div class=\"wp-block-columns alignwide is-layout-flex wp-container-core-columns-is-layout-28f84493 wp-block-columns-is-layout-flex\">\n<div class=\"wp-block-column is-layout-flow wp-block-column-is-layout-flow\">\n<ul class=\"wp-block-list\">\n<li>Jo\u00e3o Victor Alves Laurentino, \u00ab<em>Experimental determination of densities and solution enthalpies and PCP-SAFT modeling of CO<sub>2<\/sub> blends with bio-based solvents for the development of wet compression\/absorption refrigeration<\/em>\u00ab, 2025 (en curso).<\/li>\n\n\n\n<li>Fatemeh Pazoki, \u00ab<em>(CO<sub>2<\/sub> + bio-based solvents) mixtures for wet compression\/absorption heat pumps: experimental heat capacity measurements, predictive cubic EOS modeling, and thermodynamics and heat transfer simulations<\/em>\u00ab, 2025 (en curso).<\/li>\n\n\n\n<li>Ana Cobos Huerga, \u201c<em>Estudio de las interacciones en mezclas l\u00edquidas que contienen grupos funcionales carbonilo, carboxilo y amida. Extrapolaci\u00f3n de los resultados a sistemas complejos<\/em>\u201d, 2025 (en curso).<\/li>\n\n\n\n<li>Luis Fernando Hevia de los Mozos, \u201c<em><a href=\"https:\/\/www.educacion.gob.es\/teseo\/mostrarRef.do?ref=1805925\">Thermophysical properties, interactions and structure in organic liquid mixtures including polar and\/or associated compounds: n,n-dialkylamides, amines, 1-alkanols, ketones and organic carbonates<\/a><\/em>\u201d, 10\/2019.<\/li>\n\n\n\n<li>Luis Felipe Sanz del Soto, \u201c<em><a href=\"https:\/\/www.educacion.gob.es\/teseo\/mostrarRef.do?ref=1286385\">Estudio experimental y te\u00f3rico de mezclas l\u00edquidas binarias formadas por 1-alcoholes y ciclohexilamina<\/a><\/em>\u201d, 07\/2016.<\/li>\n\n\n\n<li>V\u00edctor Alonso G\u00f3mez, \u201c<em><a href=\"https:\/\/www.educacion.gob.es\/teseo\/mostrarRef.do?ref=1264440\">Estudio experimental de propiedades termof\u00edsicas de mezclas binarias formadas por 1-alcohol + alcano, + \u00e9ter lineal o + amina arom\u00e1tica primaria<\/a><\/em>\u201d, 06\/2016.<\/li>\n\n\n\n<li>Iv\u00e1n Alonso Miguel, \u201c<em><a href=\"https:\/\/www.educacion.gob.es\/teseo\/mostrarRef.do?ref=1114842\">Estudio experimental y te\u00f3rico de mezclas binarias de aminas y cetonas<\/a><\/em>\u201d, 11\/2014.<\/li>\n\n\n\n<li>Ismael Mozo Ruiz, \u201c<em><a href=\"https:\/\/www.educacion.gob.es\/teseo\/mostrarRef.do?ref=897576\">Estudio experimental y te\u00f3rico de mezclas binarias de n-butan-1-ol, di-n-butil\u00e9ter y celosolvas<\/a><\/em>\u201d, 08\/2010.<\/li>\n\n\n\n<li>Susana Villa Vallejo, \u201c<em><a href=\"https:\/\/www.educacion.gob.es\/teseo\/mostrarRef.do?ref=310527\">Contribuci\u00f3n experimental y te\u00f3rica al estudio de las propiedades termodin\u00e1micas de mezclas l\u00edquidas formadas por aminas y alcanos o 1-alcoholes<\/a><\/em>\u201d, 01\/2004.<\/li>\n\n\n\n<li>Nicol\u00e1s Riesco Fern\u00e1ndez, \u201c<em><a href=\"https:\/\/www.educacion.gob.es\/teseo\/mostrarRef.do?ref=310578\">Contribuci\u00f3n experimental y te\u00f3rica al estudio de las propiedades termodin\u00e1micas de las mezclas binarias entre compuestos org\u00e1nicos<\/a><\/em>\u201d, 01\/2003.<\/li>\n\n\n\n<li>Francisco Javier Carmona del R\u00edo, \u201c<em><a href=\"https:\/\/www.educacion.gob.es\/teseo\/mostrarRef.do?ref=251064\">Estudio termodin\u00e1mico de mezclas de alcoxietanoles con hidrocarburos o \u00e9teres<\/a><\/em>\u201d, 02\/2001.<\/li>\n\n\n\n<li>Juan Mar\u00eda Fern\u00e1ndez Mart\u00ednez, \u201c<em><a href=\"https:\/\/www.educacion.gob.es\/teseo\/mostrarRef.do?ref=183312\">Estudio de la hip\u00f3tesis de la mezcla al azar<\/a><\/em>\u201d, 01\/1997.<\/li>\n<\/ul>\n<\/div>\n<\/div>","protected":false},"excerpt":{"rendered":"","protected":false},"author":1,"featured_media":0,"parent":0,"menu_order":0,"comment_status":"closed","ping_status":"closed","template":"","meta":{"footnotes":""},"class_list":["post-266","page","type-page","status-publish","hentry"],"featured_image_src":null,"_links":{"self":[{"href":"https:\/\/getef.uva.es\/en\/wp-json\/wp\/v2\/pages\/266","targetHints":{"allow":["GET"]}}],"collection":[{"href":"https:\/\/getef.uva.es\/en\/wp-json\/wp\/v2\/pages"}],"about":[{"href":"https:\/\/getef.uva.es\/en\/wp-json\/wp\/v2\/types\/page"}],"author":[{"embeddable":true,"href":"https:\/\/getef.uva.es\/en\/wp-json\/wp\/v2\/users\/1"}],"replies":[{"embeddable":true,"href":"https:\/\/getef.uva.es\/en\/wp-json\/wp\/v2\/comments?post=266"}],"version-history":[{"count":6,"href":"https:\/\/getef.uva.es\/en\/wp-json\/wp\/v2\/pages\/266\/revisions"}],"predecessor-version":[{"id":513,"href":"https:\/\/getef.uva.es\/en\/wp-json\/wp\/v2\/pages\/266\/revisions\/513"}],"wp:attachment":[{"href":"https:\/\/getef.uva.es\/en\/wp-json\/wp\/v2\/media?parent=266"}],"curies":[{"name":"wp","href":"https:\/\/api.w.org\/{rel}","templated":true}]}}