{"id":268,"date":"2023-09-16T19:56:28","date_gmt":"2023-09-16T17:56:28","guid":{"rendered":"https:\/\/getef.uva.es\/?page_id=268"},"modified":"2025-12-28T19:19:26","modified_gmt":"2025-12-28T18:19:26","slug":"docencia","status":"publish","type":"page","link":"https:\/\/getef.uva.es\/en\/docencia\/","title":{"rendered":"Teaching"},"content":{"rendered":"<div class=\"wp-block-columns alignwide is-layout-flex wp-container-core-columns-is-layout-28f84493 wp-block-columns-is-layout-flex\">\n<div class=\"wp-block-column is-layout-flow wp-block-column-is-layout-flow\"><div class=\"wp-block-ub-content-toggle wp-block-ub-content-toggle-block\" id=\"ub-content-toggle-block-67cf224a-a477-4636-b183-390d40f6e0d7\" data-mobilecollapse=\"false\" data-desktopcollapse=\"false\" data-preventcollapse=\"false\" data-showonlyone=\"false\">\n<div class=\"wp-block-ub-content-toggle-accordion\" style=\"border-color: #f1f1f1; \" id=\"ub-content-toggle-panel-block-\">\n\t\t\t<div class=\"wp-block-ub-content-toggle-accordion-title-wrap\" style=\"background-color: #f1f1f1;\" aria-controls=\"ub-content-toggle-panel-0-67cf224a-a477-4636-b183-390d40f6e0d7\" tabindex=\"0\">\n\t\t\t<p class=\"wp-block-ub-content-toggle-accordion-title ub-content-toggle-title-67cf224a-a477-4636-b183-390d40f6e0d7\" style=\"color: #000000; \">Fundamentals of Statistical Physics<\/p>\n\t\t\t<div class=\"wp-block-ub-content-toggle-accordion-toggle-wrap right\" style=\"color: #000000;\"><span class=\"wp-block-ub-content-toggle-accordion-state-indicator wp-block-ub-chevron-down open\"><\/span><\/div>\n\t\t<\/div>\n\t\t\t<div role=\"region\" aria-expanded=\"true\" class=\"wp-block-ub-content-toggle-accordion-content-wrap\" id=\"ub-content-toggle-panel-0-67cf224a-a477-4636-b183-390d40f6e0d7\">\n\n<p>Material for the classes of the discipline \"Fundamentals of Statistical Physics\" taught in the first year of the Degree in Physics and the second year of the Joint Studies Program of Degree in Physics and Degree in Mathematics at the University of Valladolid (UVa). It is a very interesting challenge to elaborate a course of such a complex discipline as Statistical Physics that, on the one hand, is simple enough at a formal level and, on the other hand, is conceptually rigorous, useful for the students and coherent with the more advanced subjects of the curriculum (in particular, with those of Thermology, namely, \"Thermodynamics\" and \"Statistical Physics\"). Although this is a difficult task, it is not impossible, thanks to the fact that the formulation of Statistical Physics based on the Maximum Entropy Principle of E.T. Jaynes (1957) does not require great knowledge of Classical or Quantum Mechanics for a first approximation. From Jaynes' point of view, the problem solved in Statistical Physics is the inference of the probabilities of the microstates (microscopic configurations) of a system from the laws of Probability Theory and a few known macroscopic constraints. The philosophy of the course is that, by understanding the conceptual reasons why this statistical inference process works, students can find all the thermodynamic information of a system from a given model of reality. In this way, the course allows students to develop a mental scheme of how Thermodynamics and Statistical Physics work and their relationship with the rest of Physics, to learn the mechanism of calculating the entropic thermodynamic potentials and to apply it to simple models whose details, at a mechanical level, they do not necessarily understand in depth.<\/p>\n\n\n\n<div class=\"wp-block-buttons is-layout-flex wp-block-buttons-is-layout-flex\">\n<div class=\"wp-block-button is-style-fill\"><a class=\"wp-block-button__link wp-element-button\" href=\"https:\/\/uvadoc.uva.es\/handle\/10324\/60205\" rel=\"\">Download<\/a><\/div>\n<\/div>\n\n<\/div>\n\t\t<\/div>\n\n<div class=\"wp-block-ub-content-toggle-accordion\" style=\"border-color: #f1f1f1; \" id=\"ub-content-toggle-panel-block-\">\n\t\t\t<div class=\"wp-block-ub-content-toggle-accordion-title-wrap\" style=\"background-color: #f1f1f1;\" aria-controls=\"ub-content-toggle-panel-1-67cf224a-a477-4636-b183-390d40f6e0d7\" tabindex=\"0\">\n\t\t\t<p class=\"wp-block-ub-content-toggle-accordion-title ub-content-toggle-title-67cf224a-a477-4636-b183-390d40f6e0d7\" style=\"color: #000000; \">Solved Problems of Fundamentals of Statistical Physics<\/p>\n\t\t\t<div class=\"wp-block-ub-content-toggle-accordion-toggle-wrap right\" style=\"color: #000000;\"><span class=\"wp-block-ub-content-toggle-accordion-state-indicator wp-block-ub-chevron-down open\"><\/span><\/div>\n\t\t<\/div>\n\t\t\t<div role=\"region\" aria-expanded=\"true\" class=\"wp-block-ub-content-toggle-accordion-content-wrap\" id=\"ub-content-toggle-panel-1-67cf224a-a477-4636-b183-390d40f6e0d7\">\n\n<p>This text arises as support material to accompany the notes of the theory course Fundamentals of Statistical Physics, prepared for the classes given in the first course of the Degree in Physics and in the second course of the Joint Studies Program of Degree in Physics and Degree in Mathematics of the University of Valladolid. In this work the development of the solutions to the problems proposed in each chapter of the mentioned theory course is collected. Therefore, the formalism (Maximum Entropy Principle and entropic formulation of Thermodynamics) developed therein is followed, using the same notation and under the same structure.<\/p>\n\n\n\n<div class=\"wp-block-buttons is-layout-flex wp-block-buttons-is-layout-flex\">\n<div class=\"wp-block-button is-style-fill\"><a class=\"wp-block-button__link wp-element-button\" href=\"https:\/\/uvadoc.uva.es\/handle\/10324\/70500\">Download<\/a><\/div>\n<\/div>\n\n<\/div>\n\t\t<\/div>\n\n<div class=\"wp-block-ub-content-toggle-accordion\" style=\"border-color: #f1f1f1; \" id=\"ub-content-toggle-panel-block-\">\n\t\t\t<div class=\"wp-block-ub-content-toggle-accordion-title-wrap\" style=\"background-color: #f1f1f1;\" aria-controls=\"ub-content-toggle-panel-2-67cf224a-a477-4636-b183-390d40f6e0d7\" tabindex=\"0\">\n\t\t\t<p class=\"wp-block-ub-content-toggle-accordion-title ub-content-toggle-title-67cf224a-a477-4636-b183-390d40f6e0d7\" style=\"color: #000000; \">F\u00edsica 1 &#8211; Mec\u00e1nica Cl\u00e1sica Newtoniana<\/p>\n\t\t\t<div class=\"wp-block-ub-content-toggle-accordion-toggle-wrap right\" style=\"color: #000000;\"><span class=\"wp-block-ub-content-toggle-accordion-state-indicator wp-block-ub-chevron-down open\"><\/span><\/div>\n\t\t<\/div>\n\t\t\t<div role=\"region\" aria-expanded=\"true\" class=\"wp-block-ub-content-toggle-accordion-content-wrap\" id=\"ub-content-toggle-panel-2-67cf224a-a477-4636-b183-390d40f6e0d7\">\n\n<p>Curso de teor\u00eda de la asignatura F\u00edsica 1 para Grados de la <a href=\"https:\/\/www.eii.uva.es\/\"><strong>Escuela de Ingenier\u00edas Industriales<\/strong><\/a> de la <a href=\"https:\/\/www.uva.es\/export\/sites\/uva\/\"><strong>Universidad de Valladolid<\/strong><\/a>. Creado por profesores del <a href=\"https:\/\/portaldelaciencia.uva.es\/unidades\/4758\/detalle\"><strong>Departamento de F\u00edsica Aplicada<\/strong><\/a>. El curso trata sobre Mec\u00e1nica Cl\u00e1sica Newtoniana.<\/p>\n\n\n\n<p><strong>Conocimientos previos:<\/strong> no es necesario, pero s\u00ed recomendable tener conocimientos b\u00e1sicos de \u00e1lgebra lineal, geometr\u00eda eucl\u00eddea y c\u00e1lculo infinitesimal.<\/p>\n\n\n\n<p><strong>Nivel:<\/strong> formaci\u00f3n b\u00e1sica correspondiente a un primer curso de f\u00edsica general para ingenier\u00eda.<\/p>\n\n\n\n<p><strong>Duraci\u00f3n:<\/strong> el curso completo est\u00e1 pensado para impartirse en 50 horas de clases te\u00f3rico-practicas, requiriendo de 90 horas adicionales de estudio aut\u00f3nomo.<\/p>\n\n\n\n<p><strong>Competencias a desarrollar:<\/strong> a partir de los principios fundamentales de la Cinem\u00e1tica y de la Din\u00e1mica, ser capaz de describir el movimiento de la part\u00edcula y el movimiento en el plano del s\u00f3lido r\u00edgido. Identificar, describir y analizar las oscilaciones mec\u00e1nicas y sus relaciones energ\u00e9ticas, con especial hincapi\u00e9 en la situaci\u00f3n de resonancia. Identificar, describir y analizar los aspectos m\u00e1s importantes de las ondas mec\u00e1nicas.<\/p>\n\n\n\n<div class=\"wp-block-buttons is-layout-flex wp-block-buttons-is-layout-flex\">\n<div class=\"wp-block-button\"><a class=\"wp-block-button__link wp-element-button\" href=\"https:\/\/fisica1.notion.site\/main\">Ver Online<\/a><\/div>\n<\/div>\n\n<\/div>\n\t\t<\/div>\n<\/div><\/div>\n<\/div>","protected":false},"excerpt":{"rendered":"","protected":false},"author":1,"featured_media":0,"parent":0,"menu_order":0,"comment_status":"closed","ping_status":"closed","template":"","meta":{"footnotes":""},"class_list":["post-268","page","type-page","status-publish","hentry"],"featured_image_src":null,"_links":{"self":[{"href":"https:\/\/getef.uva.es\/en\/wp-json\/wp\/v2\/pages\/268","targetHints":{"allow":["GET"]}}],"collection":[{"href":"https:\/\/getef.uva.es\/en\/wp-json\/wp\/v2\/pages"}],"about":[{"href":"https:\/\/getef.uva.es\/en\/wp-json\/wp\/v2\/types\/page"}],"author":[{"embeddable":true,"href":"https:\/\/getef.uva.es\/en\/wp-json\/wp\/v2\/users\/1"}],"replies":[{"embeddable":true,"href":"https:\/\/getef.uva.es\/en\/wp-json\/wp\/v2\/comments?post=268"}],"version-history":[{"count":14,"href":"https:\/\/getef.uva.es\/en\/wp-json\/wp\/v2\/pages\/268\/revisions"}],"predecessor-version":[{"id":532,"href":"https:\/\/getef.uva.es\/en\/wp-json\/wp\/v2\/pages\/268\/revisions\/532"}],"wp:attachment":[{"href":"https:\/\/getef.uva.es\/en\/wp-json\/wp\/v2\/media?parent=268"}],"curies":[{"name":"wp","href":"https:\/\/api.w.org\/{rel}","templated":true}]}}