{"id":28,"date":"2023-08-29T13:17:50","date_gmt":"2023-08-29T11:17:50","guid":{"rendered":"http:\/\/getef.uva.es\/?page_id=28"},"modified":"2025-05-04T16:23:13","modified_gmt":"2025-05-04T14:23:13","slug":"contactos","status":"publish","type":"page","link":"https:\/\/getef.uva.es\/en\/contactos\/","title":{"rendered":"Contact"},"content":{"rendered":"<div class=\"wp-block-columns alignwide is-layout-flex wp-container-core-columns-is-layout-28f84493 wp-block-columns-is-layout-flex\">\n<div class=\"wp-block-column is-layout-flow wp-block-column-is-layout-flow\">\n<p>GETEF - Department of Applied Physics. Faculty of Sciences, University of Valladolid. Paseo de Bel\u00e9n, 7. 47011 - Valladolid. Spain<\/p>\n\n\n\n<p>Email: <a href=\"mailto:gir.getef@uva.es\">gir.getef@uva.es<\/a><\/p>\n\n\n\n<p>ResearchGate: <a href=\"https:\/\/www.researchgate.net\/lab\/GETEF-Grupo-Especializado-en-Termodinamica-de-los-Equilibrios-entre-Fases-Juan-Antonio-Gonzalez\">researchgate.net\/lab\/GETEF-Grupo-Especializado-en-Termodinamica-de-los-Equilibrios-entre-Fases-Juan-Antonio-Gonzalez<\/a><\/p>\n\n\n\n<p>LinkedIn: <a href=\"https:\/\/www.linkedin.com\/company\/getef\">linkedin.com\/company\/getef<\/a><\/p>\n\n\n\n<div style=\"text-align: center;\"><iframe loading=\"lazy\" src=\"https:\/\/www.google.com\/maps\/embed?pb=!1m18!1m12!1m3!1d1405.30697067811!2d-4.7064730490909925!3d41.66324136335046!2m3!1f0!2f0!3f0!3m2!1i1024!2i768!4f13.1!3m3!1m2!1s0xd47129fc3fa7089%3A0xa165f18c88e944ea!2sP.%C2%BA%20de%20Bel%C3%A9n%2C%207%2C%2047011%20Valladolid!5e1!3m2!1ses!2ses!4v1746356619270!5m2!1ses!2ses\" width=\"600\" height=\"450\" frameborder=\"0\" style=\"border:0\" allowfullscreen><\/iframe><\/div>\n\n\n\n<figure class=\"wp-block-image aligncenter size-large\"><img loading=\"lazy\" decoding=\"async\" width=\"1024\" height=\"725\" src=\"https:\/\/getef.uva.es\/wp-content\/uploads\/2025\/05\/UVa_Facultad-de-Ciencias_Plano_2025-1024x725.png\" alt=\"\" class=\"wp-image-426\" srcset=\"\" sizes=\"auto, (max-width: 1024px) 100vw, 1024px\" data-srcset=\"\" \/><\/figure>\n<\/div>\n<\/div>\n\n\n\n<div class=\"wp-block-columns alignwide is-layout-flex wp-container-core-columns-is-layout-28f84493 wp-block-columns-is-layout-flex\">\n<div class=\"wp-block-column is-layout-flow wp-block-column-is-layout-flow\"><\/div>\n<\/div>","protected":false},"excerpt":{"rendered":"<p>GETEF &#8211; Departamento de F\u00edsica Aplicada. Facultad de Ciencias, Universidad de Valladolid. Paseo de Bel\u00e9n, 7. 47011 &#8211; Valladolid. Espa\u00f1a Email: gir.getef@uva.es ResearchGate: researchgate.net\/lab\/GETEF-Grupo-Especializado-en-Termodinamica-de-los-Equilibrios-entre-Fases-Juan-Antonio-Gonzalez LinkedIn: linkedin.com\/company\/getef<\/p>","protected":false},"author":1,"featured_media":0,"parent":0,"menu_order":0,"comment_status":"closed","ping_status":"closed","template":"","meta":{"footnotes":""},"class_list":["post-28","page","type-page","status-publish","hentry"],"featured_image_src":null,"_links":{"self":[{"href":"https:\/\/getef.uva.es\/en\/wp-json\/wp\/v2\/pages\/28","targetHints":{"allow":["GET"]}}],"collection":[{"href":"https:\/\/getef.uva.es\/en\/wp-json\/wp\/v2\/pages"}],"about":[{"href":"https:\/\/getef.uva.es\/en\/wp-json\/wp\/v2\/types\/page"}],"author":[{"embeddable":true,"href":"https:\/\/getef.uva.es\/en\/wp-json\/wp\/v2\/users\/1"}],"replies":[{"embeddable":true,"href":"https:\/\/getef.uva.es\/en\/wp-json\/wp\/v2\/comments?post=28"}],"version-history":[{"count":31,"href":"https:\/\/getef.uva.es\/en\/wp-json\/wp\/v2\/pages\/28\/revisions"}],"predecessor-version":[{"id":451,"href":"https:\/\/getef.uva.es\/en\/wp-json\/wp\/v2\/pages\/28\/revisions\/451"}],"wp:attachment":[{"href":"https:\/\/getef.uva.es\/en\/wp-json\/wp\/v2\/media?parent=28"}],"curies":[{"name":"wp","href":"https:\/\/api.w.org\/{rel}","templated":true}]}}