{"id":35,"date":"2023-08-29T13:21:24","date_gmt":"2023-08-29T11:21:24","guid":{"rendered":"http:\/\/getef.uva.es\/?page_id=35"},"modified":"2024-06-27T12:20:48","modified_gmt":"2024-06-27T10:20:48","slug":"tecnicas-y-equipos","status":"publish","type":"page","link":"https:\/\/getef.uva.es\/en\/tecnicas-y-equipos\/","title":{"rendered":"Techniques &amp; Equipment"},"content":{"rendered":"<p class=\"has-text-align-center\"><strong>Density and thermal coefficients<\/strong><\/p>\n\n\n\n<div class=\"wp-block-media-text alignwide is-stacked-on-mobile\"><figure class=\"wp-block-media-text__media\"><img loading=\"lazy\" decoding=\"async\" width=\"687\" height=\"1024\" src=\"https:\/\/getef.uva.es\/wp-content\/uploads\/2024\/06\/Densimeter-687x1024.jpg\" alt=\"\" class=\"wp-image-400 size-full\" srcset=\"https:\/\/getef.uva.es\/wp-content\/uploads\/2024\/06\/Densimeter-687x1024.jpg 687w, https:\/\/getef.uva.es\/wp-content\/uploads\/2024\/06\/Densimeter-201x300.jpg 201w, https:\/\/getef.uva.es\/wp-content\/uploads\/2024\/06\/Densimeter-768x1144.jpg 768w, https:\/\/getef.uva.es\/wp-content\/uploads\/2024\/06\/Densimeter-1031x1536.jpg 1031w, https:\/\/getef.uva.es\/wp-content\/uploads\/2024\/06\/Densimeter-1375x2048.jpg 1375w, https:\/\/getef.uva.es\/wp-content\/uploads\/2024\/06\/Densimeter-8x12.jpg 8w, https:\/\/getef.uva.es\/wp-content\/uploads\/2024\/06\/Densimeter-scaled.jpg 1718w\" sizes=\"auto, (max-width: 687px) 100vw, 687px\" \/><\/figure><div class=\"wp-block-media-text__content\">\n<p>High pressure densimeter (vibrating tube)<\/p>\n\n\n\n<ul class=\"wp-block-list\">\n<li>Model: Anton Paar DMA 512P<\/li>\n<\/ul>\n\n\n\n<p>Measuring range: temperature = (-20 to 150) \u00b0C; pressure = (0 to 700) bar<\/p>\n<\/div><\/div>\n\n\n\n<div class=\"wp-block-media-text alignwide is-stacked-on-mobile\"><figure class=\"wp-block-media-text__media\"><\/figure><div class=\"wp-block-media-text__content\">\n<p>Low pressure densimeter (vibrating tube)<\/p>\n\n\n\n<ul class=\"wp-block-list\">\n<li>Model: Anton Paar DMA 602<\/li>\n<\/ul>\n\n\n\n<p>Measuring range: temperature = (-20 to 150) \u00b0C; pressure = (1 to 3) bar<\/p>\n<\/div><\/div>\n\n\n\n<div class=\"wp-block-media-text alignwide is-stacked-on-mobile\"><figure class=\"wp-block-media-text__media\"><\/figure><div class=\"wp-block-media-text__content\">\n<p>Automated ambient pressure densimeter (vibrating tube cell)<\/p>\n\n\n\n<ul class=\"wp-block-list\">\n<li>Model: Anton Paar DSA 5000<\/li>\n<\/ul>\n\n\n\n<p>Measuring range: temperature = (0 to 70) \u00b0C; pressure = (1 to 3) bar<\/p>\n<\/div><\/div>\n\n\n\n<div class=\"wp-block-columns alignwide has-medium-font-size is-layout-flex wp-container-core-columns-is-layout-76136483 wp-block-columns-is-layout-flex\" style=\"border-style:none;border-width:0px;border-radius:0px;margin-top:0;margin-bottom:0;padding-top:0;padding-right:0;padding-bottom:0;padding-left:0\">\n<div class=\"wp-block-column is-layout-flow wp-block-column-is-layout-flow\">\n<p class=\"has-medium-font-size translation-block\" style=\"padding-top:0;padding-right:0;padding-bottom:0;padding-left:0\"><em>Description:<\/em> all vibrating tube density meters are based on a U-tube of borosilicate glass or stainless steel filled with the liquid of interest which is made to vibrate. By measuring the amplitude of the motion at different excitation frequencies, the resonance period of the tube is determined. The square of the resonance period depends linearly on the density of the liquid to be measured.<\/p>\n\n\n\n<p class=\"translation-block\"><em>Note:<\/em> density measurement as a function of temperature allows the <strong>isobaric thermal expansion coefficient<\/strong> to be obtained. If the density is measured as a function of pressure, the <strong>isothermal compressibility coefficient<\/strong> can be determined.<\/p>\n<\/div>\n<\/div>\n\n\n\n<p class=\"has-text-align-center\"><strong>Speed of Sound<\/strong><\/p>\n\n\n\n<div class=\"wp-block-media-text alignwide is-stacked-on-mobile\"><figure class=\"wp-block-media-text__media\"><\/figure><div class=\"wp-block-media-text__content\">\n<p>Automated ambient pressure speed of sound analyzer (ultrasonic cell)<\/p>\n\n\n\n<ul class=\"wp-block-list\">\n<li>Model: Anton Par DSA 5000<\/li>\n<\/ul>\n\n\n\n<p>Measuring range: temperature = (0 to 70) \u00b0C; pressure = (1 to 3) bar<\/p>\n<\/div><\/div>\n\n\n\n<div class=\"wp-block-columns alignwide is-layout-flex wp-container-core-columns-is-layout-28f84493 wp-block-columns-is-layout-flex\">\n<div class=\"wp-block-column is-layout-flow wp-block-column-is-layout-flow\">\n<div class=\"wp-block-columns is-layout-flex wp-container-core-columns-is-layout-28f84493 wp-block-columns-is-layout-flex\">\n<div class=\"wp-block-column is-layout-flow wp-block-column-is-layout-flow\">\n<p class=\"translation-block\"><em>Description:<\/em> the equipment determines the speed of sound by measuring the propagation time of short acoustic pulses at 3 MHz center frequency, which are continuously transmitted along the cell. Standard error of measurement 0.2 m\u00b7s<sup>-1<\/sup>.<\/p>\n\n\n\n<p class=\"translation-block\"><em>Note:<\/em> the combined measurement of density and sound velocity allows the <strong>isentropic compressibility coefficient<\/strong> to be obtained. And if these measurements are combined with those of the isobaric thermal expansion coefficient and the isobaric heat capacity, the <strong>isothermal compressibility coefficient<\/strong> can be determined.<\/p>\n<\/div>\n<\/div>\n<\/div>\n<\/div>\n\n\n\n<p class=\"has-text-align-center\"><strong>Enthalpy\/heat of mixing<\/strong><\/p>\n\n\n\n<div class=\"wp-block-media-text alignwide is-stacked-on-mobile\"><figure class=\"wp-block-media-text__media\"><\/figure><div class=\"wp-block-media-text__content\">\n<p>Tian-Calvet Calorimeter<\/p>\n\n\n\n<ul class=\"wp-block-list\">\n<li>Model of handcrafted construction, of very high sensitivity<\/li>\n<\/ul>\n\n\n\n<p>Measuring range: temperature = ambient up to 150 \u00b0C; pressure = 1 bar (but depending on the cell)<\/p>\n<\/div><\/div>\n\n\n\n<p class=\"has-text-align-center\"><strong>Heat capacity, process enthalpy\/heat, thermal conductivity<\/strong><\/p>\n\n\n\n<div class=\"wp-block-media-text alignwide is-stacked-on-mobile\"><figure class=\"wp-block-media-text__media\"><img loading=\"lazy\" decoding=\"async\" width=\"1024\" height=\"496\" src=\"https:\/\/getef.uva.es\/wp-content\/uploads\/2024\/06\/MicroDSCII-1024x496.jpg\" alt=\"\" class=\"wp-image-402 size-full\" srcset=\"https:\/\/getef.uva.es\/wp-content\/uploads\/2024\/06\/MicroDSCII-1024x496.jpg 1024w, https:\/\/getef.uva.es\/wp-content\/uploads\/2024\/06\/MicroDSCII-300x145.jpg 300w, https:\/\/getef.uva.es\/wp-content\/uploads\/2024\/06\/MicroDSCII-768x372.jpg 768w, https:\/\/getef.uva.es\/wp-content\/uploads\/2024\/06\/MicroDSCII-1536x744.jpg 1536w, https:\/\/getef.uva.es\/wp-content\/uploads\/2024\/06\/MicroDSCII-2048x993.jpg 2048w, https:\/\/getef.uva.es\/wp-content\/uploads\/2024\/06\/MicroDSCII-18x9.jpg 18w\" sizes=\"auto, (max-width: 1024px) 100vw, 1024px\" \/><\/figure><div class=\"wp-block-media-text__content\">\n<p>Differential Scanning Micro Calorimeter (DSC)<\/p>\n\n\n\n<ul class=\"wp-block-list\">\n<li>Model: Setaram MicroDSC II<\/li>\n<\/ul>\n\n\n\n<p>Measuring range: temperature = (-40 to +150) \u00b0C; pressure = (1 to 60) bar with liquid isobaric heat capacity cell, but depends on the cell.<\/p>\n<\/div><\/div>\n\n\n\n<div class=\"wp-block-media-text alignwide is-stacked-on-mobile\"><figure class=\"wp-block-media-text__media\"><img loading=\"lazy\" decoding=\"async\" width=\"857\" height=\"1024\" src=\"https:\/\/getef.uva.es\/wp-content\/uploads\/2024\/06\/C80D-857x1024.jpg\" alt=\"\" class=\"wp-image-403 size-full\" srcset=\"https:\/\/getef.uva.es\/wp-content\/uploads\/2024\/06\/C80D-857x1024.jpg 857w, https:\/\/getef.uva.es\/wp-content\/uploads\/2024\/06\/C80D-251x300.jpg 251w, https:\/\/getef.uva.es\/wp-content\/uploads\/2024\/06\/C80D-768x918.jpg 768w, https:\/\/getef.uva.es\/wp-content\/uploads\/2024\/06\/C80D-1285x1536.jpg 1285w, https:\/\/getef.uva.es\/wp-content\/uploads\/2024\/06\/C80D-10x12.jpg 10w, https:\/\/getef.uva.es\/wp-content\/uploads\/2024\/06\/C80D.jpg 1620w\" sizes=\"auto, (max-width: 857px) 100vw, 857px\" \/><\/figure><div class=\"wp-block-media-text__content\">\n<p>Tian-Calvet micro calorimeter<\/p>\n\n\n\n<ul class=\"wp-block-list\">\n<li>Model: Setaram C80<\/li>\n<\/ul>\n\n\n\n<p>Measuring range: temperature = ambient up to 300 \u00b0C; pressure = cell dependent<\/p>\n<\/div><\/div>\n\n\n\n<div class=\"wp-block-columns alignwide is-layout-flex wp-container-core-columns-is-layout-28f84493 wp-block-columns-is-layout-flex\">\n<div class=\"wp-block-column is-layout-flow wp-block-column-is-layout-flow\">\n<p class=\"translation-block\"><em>Description:<\/em> these devices are conduction calorimeters by the isothermal-isobaric method, keeping constant the temperature of the environment of the vessel containing the sample and measuring the energy in the form of heat exchanged between both, i.e. between vessel and environment. The device consists of a casing, different layers of insulation and thermostatization with their respective thermometric resistances, and an external enclosure where a set of high-sensitivity thermocouples are placed regularly distributed and an internal enclosure prepared to contain the cell with the sample of interest. The assembly is differential, since it consists of 2 sets (external enclosure + thermocouples + internal enclosure) called reference and laboratory. They are connected in opposition, that is, the outputs of the thermocouples are connected in such a way that any thermal disturbance detected in the reference assembly is subtracted from the output detected in the laboratory assembly, thus eliminating external thermal disturbances.<\/p>\n<\/div>\n<\/div>\n\n\n\n<p class=\"has-text-align-center\"><strong>Enthalpies and temperatures of solid-liquid phase change and of glass transitions and crystallization<\/strong><\/p>\n\n\n\n<div class=\"wp-block-media-text alignwide is-stacked-on-mobile\"><figure class=\"wp-block-media-text__media\"><\/figure><div class=\"wp-block-media-text__content\">\n<p>Differential Scanning Calorimeter (DSC and modulated DSC)<\/p>\n\n\n\n<ul class=\"wp-block-list\">\n<li>Model: Q2000 Thermal Analysis Instruments<\/li>\n<\/ul>\n\n\n\n<p>Measuring range: temperature = (-90 to 400) \u00b0C; pressure = (1 to 3) bar<\/p>\n<\/div><\/div>\n\n\n\n<div class=\"wp-block-columns alignwide is-layout-flex wp-container-core-columns-is-layout-28f84493 wp-block-columns-is-layout-flex\">\n<div class=\"wp-block-column is-layout-flow wp-block-column-is-layout-flow\">\n<p class=\"translation-block\"><em>Considerations:<\/em> equipment to work with liquid and solid samples. It can perform modulated differential scanning calorimetric experiments to measure heat capacity.<\/p>\n<\/div>\n<\/div>\n\n\n\n<p class=\"has-text-align-center\"><strong>Dielectric permittivity<\/strong><\/p>\n\n\n\n<div class=\"wp-block-media-text alignwide is-stacked-on-mobile\"><figure class=\"wp-block-media-text__media\"><\/figure><div class=\"wp-block-media-text__content\">\n<p>Precision Impedance Analyzer + Liquid Cell<\/p>\n\n\n\n<ul class=\"wp-block-list\">\n<li>Model: Agilent 4294A Impedance Analyzer + Agilent 16452A Liquid Text Fixture<\/li>\n<\/ul>\n\n\n\n<p>Measuring range: temperature = (-20 to +125) \u00b0C, but depends on the thermostatic bath in which the liquid cell is immersed; pressure = 1 bar<\/p>\n<\/div><\/div>\n\n\n\n<div class=\"wp-block-columns alignwide is-layout-flex wp-container-core-columns-is-layout-28f84493 wp-block-columns-is-layout-flex\">\n<div class=\"wp-block-column is-layout-flow wp-block-column-is-layout-flow\">\n<p class=\"translation-block\"><em>Description:<\/em> equipment for the measurement of the complex relative dielectric permittivity of fluid samples at frequencies between 40 Hz and 30 MHz. It is based on the measurement of the electrical impedance of a non-ideal plane-parallel capacitor by means of the self-balancing bridge method in 4TP (Four Terminal Pair) configuration.<\/p>\n<\/div>\n<\/div>\n\n\n\n<p class=\"has-text-align-center\"><strong>Refractive index<\/strong><\/p>\n\n\n\n<div class=\"wp-block-media-text alignwide is-stacked-on-mobile\"><figure class=\"wp-block-media-text__media\"><\/figure><div class=\"wp-block-media-text__content\">\n<p>Automatic refractometer<\/p>\n\n\n\n<ul class=\"wp-block-list\">\n<li>Model: Bellingham + Stanley RFM970<\/li>\n<\/ul>\n\n\n\n<p>Measuring range: temperature = (0 to 80) \u00b0C; pressure = 1 bar<\/p>\n<\/div><\/div>\n\n\n\n<div class=\"wp-block-columns alignwide is-layout-flex wp-container-core-columns-is-layout-28f84493 wp-block-columns-is-layout-flex\">\n<div class=\"wp-block-column is-layout-flow wp-block-column-is-layout-flow\">\n<p class=\"translation-block\"><em>Description:<\/em> equipment for the determination of the refractive index in the visible region, at the sodium doublet wavelength (589.3 nm). It is based on the total reflection of a light beam emitted by an LED diode and the optical detection of the critical angle on a photodiode array. The standard error in the refractive index is 0.00008.<\/p>\n<\/div>\n<\/div>\n\n\n\n<p class=\"has-text-align-center\"><strong>Viscosity<\/strong><\/p>\n\n\n\n<div class=\"wp-block-media-text alignwide is-stacked-on-mobile\"><figure class=\"wp-block-media-text__media\"><\/figure><div class=\"wp-block-media-text__content\">\n<p>Automated Ubbelohde viscometers (capillary)<\/p>\n\n\n\n<ul class=\"wp-block-list\">\n<li>Model: Schott-Gerate AVS-350<\/li>\n<\/ul>\n\n\n\n<p>Measuring range: temperature = (20 to 40) \u00b0C; pressure = 1 bar<\/p>\n<\/div><\/div>\n\n\n\n<div class=\"wp-block-columns alignwide is-layout-flex wp-container-core-columns-is-layout-28f84493 wp-block-columns-is-layout-flex\">\n<div class=\"wp-block-column is-layout-flow wp-block-column-is-layout-flow\">\n<p class=\"translation-block\"><em>Description:<\/em> viscometers of the suspended level type. The liquid of interest is suspended from the capillary which it fills completely, thus ensuring uniform hydrostatic pressure. This type is used to measure the kinematic viscosity of transparent Newtonian liquids up to 10<sup>5<\/sup>\u00a0mm<sup>2<\/sup>\u00b7s<sup>-1<\/sup>. Its operation is based on the Hagen-Poiseuille equation of fluid dynamics, which relates the viscosity of a liquid flowing through a cylindrical tube (capillary) to the time it takes to pass between two fixed marks.<\/p>\n<\/div>\n<\/div>\n\n\n\n<p class=\"has-text-align-center\"><strong>Liquid-liquid phase equilibrium<\/strong><\/p>\n\n\n\n<div class=\"wp-block-media-text alignwide is-stacked-on-mobile\"><figure class=\"wp-block-media-text__media\"><\/figure><div class=\"wp-block-media-text__content\">\n<p>Self-built optical cell<\/p>\n\n\n\n<ul class=\"wp-block-list\">\n<li>Measuring range: temperature = (5 to 90) \u00b0C; pressure = 1 bar<\/li>\n<\/ul>\n<\/div><\/div>\n\n\n\n<div class=\"wp-block-columns alignwide is-layout-flex wp-container-core-columns-is-layout-28f84493 wp-block-columns-is-layout-flex\">\n<div class=\"wp-block-column is-layout-flow wp-block-column-is-layout-flow\">\n<p class=\"translation-block\"><em>Description:<\/em> instrument for the determination of the immiscibility of liquid mixtures by determining the opacity of a laser beam as it passes through the cell under controlled conditions of temperature and agitation.<\/p>\n<\/div>\n<\/div>","protected":false},"excerpt":{"rendered":"<p>Densidad y coeficientes t\u00e9rmicos Descripci\u00f3n: todos los dens\u00edmetros de tubo vibrante se basan en un tubo en U de vidrio borosilicatado o de acero inoxidable relleno del l\u00edquido de inter\u00e9s que se hace vibrar. Mediante la medida de la amplitud del movimiento a diferentes frecuencias de excitaci\u00f3n, se determina el periodo de resonancia del tubo. [&hellip;]<\/p>\n","protected":false},"author":1,"featured_media":0,"parent":0,"menu_order":0,"comment_status":"closed","ping_status":"closed","template":"","meta":{"footnotes":""},"class_list":["post-35","page","type-page","status-publish","hentry"],"featured_image_src":null,"_links":{"self":[{"href":"https:\/\/getef.uva.es\/en\/wp-json\/wp\/v2\/pages\/35","targetHints":{"allow":["GET"]}}],"collection":[{"href":"https:\/\/getef.uva.es\/en\/wp-json\/wp\/v2\/pages"}],"about":[{"href":"https:\/\/getef.uva.es\/en\/wp-json\/wp\/v2\/types\/page"}],"author":[{"embeddable":true,"href":"https:\/\/getef.uva.es\/en\/wp-json\/wp\/v2\/users\/1"}],"replies":[{"embeddable":true,"href":"https:\/\/getef.uva.es\/en\/wp-json\/wp\/v2\/comments?post=35"}],"version-history":[{"count":19,"href":"https:\/\/getef.uva.es\/en\/wp-json\/wp\/v2\/pages\/35\/revisions"}],"predecessor-version":[{"id":404,"href":"https:\/\/getef.uva.es\/en\/wp-json\/wp\/v2\/pages\/35\/revisions\/404"}],"wp:attachment":[{"href":"https:\/\/getef.uva.es\/en\/wp-json\/wp\/v2\/media?parent=35"}],"curies":[{"name":"wp","href":"https:\/\/api.w.org\/{rel}","templated":true}]}}